{"id":46611,"date":"2025-03-04T10:10:36","date_gmt":"2025-03-04T09:10:36","guid":{"rendered":"https:\/\/cgmjqoz.cluster031.hosting.ovh.net\/Dune\/our-strategic-committee\/"},"modified":"2025-07-01T18:00:35","modified_gmt":"2025-07-01T16:00:35","slug":"our-strategic-committee","status":"publish","type":"page","link":"https:\/\/www.cogesevents.com\/en\/our-strategic-committee\/","title":{"rendered":"Our executive committee"},"content":{"rendered":"\t\t<div data-elementor-type=\"wp-page\" data-elementor-id=\"46611\" class=\"elementor elementor-46611 elementor-46203\" data-elementor-post-type=\"page\">\n\t\t\t\t<div class=\"elementor-element elementor-element-0781c4d e-con-full e-flex e-con e-parent\" data-id=\"0781c4d\" data-element_type=\"container\" data-e-type=\"container\">\n\t\t\t\t<\/div>\n\t\t<div class=\"elementor-element elementor-element-3038793 e-con-full e-flex e-con e-parent\" data-id=\"3038793\" data-element_type=\"container\" data-e-type=\"container\">\n\t\t<div class=\"elementor-element elementor-element-e3bbbc8 e-flex e-con-boxed e-con e-child\" data-id=\"e3bbbc8\" data-element_type=\"container\" data-e-type=\"container\">\n\t\t\t\t\t<div class=\"e-con-inner\">\n\t\t<div class=\"elementor-element elementor-element-88360c1 e-con-full e-flex e-con e-child\" data-id=\"88360c1\" data-element_type=\"container\" data-e-type=\"container\">\n\t\t\t\t<div class=\"elementor-element elementor-element-9469aba elementor-widget elementor-widget-ucaddon_hover_text_reveal_content_box\" data-id=\"9469aba\" data-element_type=\"widget\" data-e-type=\"widget\" data-widget_type=\"ucaddon_hover_text_reveal_content_box.default\">\n\t\t\t\t<div class=\"elementor-widget-container\">\n\t\t\t\t\t\n<!-- start Content Reveal on Hover -->\n<style>\/* widget: Content Reveal on Hover *\/\n\n.uc_long_content_box {\n\toverflow:hidden;\n}\n.uc_long_content_box *{\n\tbox-sizing: border-box;\n}\n#uc_hover_text_reveal_content_box_elementor_9469aba .uc_long_content_box_holder{\n\tposition: relative;\n    text-align:left;\n    overflow:hidden;\n}\n#uc_hover_text_reveal_content_box_elementor_9469aba .uc_long_content_box_holder .uc_long_content_box_box{\n\tposition: relative;\n}\n\n#uc_hover_text_reveal_content_box_elementor_9469aba .uc_long_content_box_holder .uc_long_content_box_box .uc_image_box{\n\tposition: relative;\n\tbackground-size: cover !important;\n\tbackground-repeat: no-repeat !important;\n\twidth: 100%;\n    background-blend-mode:normal;\n}\n\n#uc_hover_text_reveal_content_box_elementor_9469aba .uc_long_content_box_holder .uc_long_content_box_box .uc_overlay{\n\tposition: absolute;\n\tleft: 0;\n\ttop: 0;\n    right:0;\n    bottom:0;\n\twidth: 100%;\n\theight: 100%;\n\tz-index: 2;\n  transition:1s;\n}\n\n#uc_hover_text_reveal_content_box_elementor_9469aba .uc_long_content_box_holder .uc_long_content_box_box .uc_box_content{\n\tleft: 0;\n    bottom: 0;\n    position: absolute;\n    margin: 0;\n    width: 100%;\n\tz-index: 3;\n\toverflow: hidden;\n\tdisplay: flex;\n    height: 100%;\n    flex-direction: column;\n    justify-content: flex-end;\n}\n\n#uc_hover_text_reveal_content_box_elementor_9469aba .uc_long_content_box_holder .uc_long_content_box_box .uc_box_content .uc_title{\n  transition:0.5s;\t\n}\n\n#uc_hover_text_reveal_content_box_elementor_9469aba .uc_long_content_box_holder .uc_long_content_box_box .uc_box_content {\n  transition:0.5s;\n  transform: translateY(10px);\n}\n.uc_title\n{\n}\n#uc_hover_text_reveal_content_box_elementor_9469aba .uc_long_content_box_holder:hover .uc_long_content_box_box .uc_box_content .uc_title{\n  transform: translateY(-10px);\t\n}\n#uc_hover_text_reveal_content_box_elementor_9469aba .uc_long_content_box_holder .uc_long_content_box_box .uc_box_content .uc_hidden_content{\n\toverflow: hidden;\n    transform: scaleY(0);\n    transform-origin: bottom;\n  transition:0.5s;\n    max-height: 0;\n\topacity: 0;\n}\n\n#uc_hover_text_reveal_content_box_elementor_9469aba .uc_long_content_box_holder:hover .uc_long_content_box_box .uc_box_content .uc_hidden_content{\n    max-height: 100%;\n    transform: scaleY(1);\n    overflow: visible;\n\topacity: 1;\n\t\n}\n\n.uc_box_content .uc_description{\n\tcolor: #fff;\n}\n#uc_hover_text_reveal_content_box_elementor_9469aba .uc_long_content_box_holder .uc_long_content_box_box .uc_box_content .uc_btn{\n\ttext-decoration: none;\n\tdisplay: inline-block;\n    text-align:center;\n  transition:0.5s;\n}\n\n\n\n<\/style>\n\n<div class=\"uc_long_content_box\" id=\"uc_hover_text_reveal_content_box_elementor_9469aba\">\n\t\t<div class=\"uc_long_content_box_holder\">\n\t\t\t\n\t\t\t<div class=\"uc_long_content_box_box\">\n\t\t\t\t<div class=\"uc_image_box\" style=\" background-image: url(https:\/\/www.cogesevents.com\/wp-content\/uploads\/2025\/02\/beaudouin.jpg);\"><\/div>\n\t\t\t\t<div class=\"uc_overlay\" ><\/div>\n\t\t\t\t<div class=\"uc_box_content\">\n\t\t\t\t\t<div class=\"uc_title\">General (2S) Charles BEAUDOUIN<\/div>\t\t\t\t\t<div class=\"uc_hidden_content\">\n\t\t\t\t\t\t<div class=\"uc_description\"><p>Chairman<\/p><\/div>\t\t\t\t\t\t<a  target='_blank' href=\"https:\/\/www.linkedin.com\/in\/charles-beaudouin-996789189\/\" class=\"uc_btn\" >in<\/a>                        \t\t\t\t\t<\/div>\n\t\t\t\t<\/div>\n\t\t\t<\/div>\n\t\t\t\n\t\t<\/div>\n    <\/div>\n<!-- end Content Reveal on Hover -->\t\t\t\t<\/div>\n\t\t\t\t<\/div>\n\t\t\t\t<\/div>\n\t\t<div class=\"elementor-element elementor-element-4e55624 e-con-full e-flex e-con e-child\" data-id=\"4e55624\" data-element_type=\"container\" data-e-type=\"container\">\n\t\t\t\t<div class=\"elementor-element elementor-element-17e5c66 elementor-widget elementor-widget-ucaddon_hover_text_reveal_content_box\" data-id=\"17e5c66\" data-element_type=\"widget\" data-e-type=\"widget\" data-widget_type=\"ucaddon_hover_text_reveal_content_box.default\">\n\t\t\t\t<div class=\"elementor-widget-container\">\n\t\t\t\t\t\n<!-- start Content Reveal on Hover -->\n<style>\/* widget: Content Reveal on Hover *\/\n\n.uc_long_content_box {\n\toverflow:hidden;\n}\n.uc_long_content_box *{\n\tbox-sizing: border-box;\n}\n#uc_hover_text_reveal_content_box_elementor_17e5c66 .uc_long_content_box_holder{\n\tposition: relative;\n    text-align:left;\n    overflow:hidden;\n}\n#uc_hover_text_reveal_content_box_elementor_17e5c66 .uc_long_content_box_holder .uc_long_content_box_box{\n\tposition: relative;\n}\n\n#uc_hover_text_reveal_content_box_elementor_17e5c66 .uc_long_content_box_holder .uc_long_content_box_box .uc_image_box{\n\tposition: relative;\n\tbackground-size: cover !important;\n\tbackground-repeat: no-repeat !important;\n\twidth: 100%;\n    background-blend-mode:normal;\n}\n\n#uc_hover_text_reveal_content_box_elementor_17e5c66 .uc_long_content_box_holder .uc_long_content_box_box .uc_overlay{\n\tposition: absolute;\n\tleft: 0;\n\ttop: 0;\n    right:0;\n    bottom:0;\n\twidth: 100%;\n\theight: 100%;\n\tz-index: 2;\n  transition:1s;\n}\n\n#uc_hover_text_reveal_content_box_elementor_17e5c66 .uc_long_content_box_holder .uc_long_content_box_box .uc_box_content{\n\tleft: 0;\n    bottom: 0;\n    position: absolute;\n    margin: 0;\n    width: 100%;\n\tz-index: 3;\n\toverflow: hidden;\n\tdisplay: flex;\n    height: 100%;\n    flex-direction: column;\n    justify-content: flex-end;\n}\n\n#uc_hover_text_reveal_content_box_elementor_17e5c66 .uc_long_content_box_holder .uc_long_content_box_box .uc_box_content .uc_title{\n  transition:0.5s;\t\n}\n\n#uc_hover_text_reveal_content_box_elementor_17e5c66 .uc_long_content_box_holder .uc_long_content_box_box .uc_box_content {\n  transition:0.5s;\n  transform: translateY(10px);\n}\n.uc_title\n{\n}\n#uc_hover_text_reveal_content_box_elementor_17e5c66 .uc_long_content_box_holder:hover .uc_long_content_box_box .uc_box_content .uc_title{\n  transform: translateY(-10px);\t\n}\n#uc_hover_text_reveal_content_box_elementor_17e5c66 .uc_long_content_box_holder .uc_long_content_box_box .uc_box_content .uc_hidden_content{\n\toverflow: hidden;\n    transform: scaleY(0);\n    transform-origin: bottom;\n  transition:0.5s;\n    max-height: 0;\n\topacity: 0;\n}\n\n#uc_hover_text_reveal_content_box_elementor_17e5c66 .uc_long_content_box_holder:hover .uc_long_content_box_box .uc_box_content .uc_hidden_content{\n    max-height: 100%;\n    transform: scaleY(1);\n    overflow: visible;\n\topacity: 1;\n\t\n}\n\n.uc_box_content .uc_description{\n\tcolor: #fff;\n}\n#uc_hover_text_reveal_content_box_elementor_17e5c66 .uc_long_content_box_holder .uc_long_content_box_box .uc_box_content .uc_btn{\n\ttext-decoration: none;\n\tdisplay: inline-block;\n    text-align:center;\n  transition:0.5s;\n}\n\n\n\n<\/style>\n\n<div class=\"uc_long_content_box\" id=\"uc_hover_text_reveal_content_box_elementor_17e5c66\">\n\t\t<div class=\"uc_long_content_box_holder\">\n\t\t\t\n\t\t\t<div class=\"uc_long_content_box_box\">\n\t\t\t\t<div class=\"uc_image_box\" style=\" background-image: url(https:\/\/www.cogesevents.com\/wp-content\/uploads\/2025\/02\/MARSAC.jpg);\"><\/div>\n\t\t\t\t<div class=\"uc_overlay\" ><\/div>\n\t\t\t\t<div class=\"uc_box_content\">\n\t\t\t\t\t<div class=\"uc_title\">Anne-Sophie de MARSAC<\/div>\t\t\t\t\t<div class=\"uc_hidden_content\">\n\t\t\t\t\t\t<div class=\"uc_description\"><p>Administrative &amp; Financial Director - Human Resources Director<\/p><\/div>\t\t\t\t\t\t<a  target='_blank' href=\"https:\/\/www.linkedin.com\/in\/anne-sophie-de-marsac-b3547316\/\" class=\"uc_btn\" >in<\/a>                        \t\t\t\t\t<\/div>\n\t\t\t\t<\/div>\n\t\t\t<\/div>\n\t\t\t\n\t\t<\/div>\n    <\/div>\n<!-- end Content Reveal on Hover -->\t\t\t\t<\/div>\n\t\t\t\t<\/div>\n\t\t\t\t<\/div>\n\t\t<div class=\"elementor-element elementor-element-b48f12e e-con-full e-flex e-con e-child\" data-id=\"b48f12e\" data-element_type=\"container\" data-e-type=\"container\">\n\t\t\t\t<div class=\"elementor-element elementor-element-9aabdfd elementor-widget elementor-widget-ucaddon_hover_text_reveal_content_box\" data-id=\"9aabdfd\" data-element_type=\"widget\" data-e-type=\"widget\" data-widget_type=\"ucaddon_hover_text_reveal_content_box.default\">\n\t\t\t\t<div class=\"elementor-widget-container\">\n\t\t\t\t\t\n<!-- start Content Reveal on Hover -->\n<style>\/* widget: Content Reveal on Hover *\/\n\n.uc_long_content_box {\n\toverflow:hidden;\n}\n.uc_long_content_box *{\n\tbox-sizing: border-box;\n}\n#uc_hover_text_reveal_content_box_elementor_9aabdfd .uc_long_content_box_holder{\n\tposition: relative;\n    text-align:left;\n    overflow:hidden;\n}\n#uc_hover_text_reveal_content_box_elementor_9aabdfd .uc_long_content_box_holder .uc_long_content_box_box{\n\tposition: relative;\n}\n\n#uc_hover_text_reveal_content_box_elementor_9aabdfd .uc_long_content_box_holder .uc_long_content_box_box .uc_image_box{\n\tposition: relative;\n\tbackground-size: cover !important;\n\tbackground-repeat: no-repeat !important;\n\twidth: 100%;\n    background-blend-mode:normal;\n}\n\n#uc_hover_text_reveal_content_box_elementor_9aabdfd .uc_long_content_box_holder .uc_long_content_box_box .uc_overlay{\n\tposition: absolute;\n\tleft: 0;\n\ttop: 0;\n    right:0;\n    bottom:0;\n\twidth: 100%;\n\theight: 100%;\n\tz-index: 2;\n  transition:1s;\n}\n\n#uc_hover_text_reveal_content_box_elementor_9aabdfd .uc_long_content_box_holder .uc_long_content_box_box .uc_box_content{\n\tleft: 0;\n    bottom: 0;\n    position: absolute;\n    margin: 0;\n    width: 100%;\n\tz-index: 3;\n\toverflow: hidden;\n\tdisplay: flex;\n    height: 100%;\n    flex-direction: column;\n    justify-content: flex-end;\n}\n\n#uc_hover_text_reveal_content_box_elementor_9aabdfd .uc_long_content_box_holder .uc_long_content_box_box .uc_box_content .uc_title{\n  transition:0.5s;\t\n}\n\n#uc_hover_text_reveal_content_box_elementor_9aabdfd .uc_long_content_box_holder .uc_long_content_box_box .uc_box_content {\n  transition:0.5s;\n  transform: translateY(10px);\n}\n.uc_title\n{\n}\n#uc_hover_text_reveal_content_box_elementor_9aabdfd .uc_long_content_box_holder:hover .uc_long_content_box_box .uc_box_content .uc_title{\n  transform: translateY(-10px);\t\n}\n#uc_hover_text_reveal_content_box_elementor_9aabdfd .uc_long_content_box_holder .uc_long_content_box_box .uc_box_content .uc_hidden_content{\n\toverflow: hidden;\n    transform: scaleY(0);\n    transform-origin: bottom;\n  transition:0.5s;\n    max-height: 0;\n\topacity: 0;\n}\n\n#uc_hover_text_reveal_content_box_elementor_9aabdfd .uc_long_content_box_holder:hover .uc_long_content_box_box .uc_box_content .uc_hidden_content{\n    max-height: 100%;\n    transform: scaleY(1);\n    overflow: visible;\n\topacity: 1;\n\t\n}\n\n.uc_box_content .uc_description{\n\tcolor: #fff;\n}\n#uc_hover_text_reveal_content_box_elementor_9aabdfd .uc_long_content_box_holder .uc_long_content_box_box .uc_box_content .uc_btn{\n\ttext-decoration: none;\n\tdisplay: inline-block;\n    text-align:center;\n  transition:0.5s;\n}\n\n\n\n<\/style>\n\n<div class=\"uc_long_content_box\" id=\"uc_hover_text_reveal_content_box_elementor_9aabdfd\">\n\t\t<div class=\"uc_long_content_box_holder\">\n\t\t\t\n\t\t\t<div class=\"uc_long_content_box_box\">\n\t\t\t\t<div class=\"uc_image_box\" style=\" background-image: url(https:\/\/www.cogesevents.com\/wp-content\/uploads\/2025\/02\/VIGNA.jpg);\"><\/div>\n\t\t\t\t<div class=\"uc_overlay\" ><\/div>\n\t\t\t\t<div class=\"uc_box_content\">\n\t\t\t\t\t<div class=\"uc_title\">J\u00e9r\u00e9my VIGNA<\/div>\t\t\t\t\t<div class=\"uc_hidden_content\">\n\t\t\t\t\t\t<div class=\"uc_description\"><p>Executive Vice-President<\/p><\/div>\t\t\t\t\t\t<a  target='_blank' href=\"https:\/\/www.linkedin.com\/in\/j%C3%A9r%C3%A9my-vigna-a0567574\/\" class=\"uc_btn\" >in<\/a>                        \t\t\t\t\t<\/div>\n\t\t\t\t<\/div>\n\t\t\t<\/div>\n\t\t\t\n\t\t<\/div>\n    <\/div>\n<!-- end Content Reveal on Hover -->\t\t\t\t<\/div>\n\t\t\t\t<\/div>\n\t\t\t\t<\/div>\n\t\t<div class=\"elementor-element elementor-element-bca5ec8 e-con-full e-flex e-con e-child\" data-id=\"bca5ec8\" data-element_type=\"container\" data-e-type=\"container\">\n\t\t\t\t<\/div>\n\t\t\t\t\t<\/div>\n\t\t\t\t<\/div>\n\t\t\t\t<\/div>\n\t\t\t\t<\/div>\n\t\t","protected":false},"excerpt":{"rendered":"<p>General (2S) Charles BEAUDOUIN Chairman in Anne-Sophie de MARSAC Administrative &amp; Financial Director &#8211; Human Resources Director in J\u00e9r\u00e9my VIGNA Executive Vice-President in<\/p>\n","protected":false},"author":1,"featured_media":0,"parent":0,"menu_order":0,"comment_status":"closed","ping_status":"closed","template":"","meta":{"_acf_changed":false,"footnotes":""},"class_list":["post-46611","page","type-page","status-publish","hentry"],"acf":[],"yoast_head":"<!-- This site is optimized with the Yoast SEO plugin v26.9 - https:\/\/yoast.com\/product\/yoast-seo-wordpress\/ -->\n<title>COGES EVENTS : Expert in defense and security events<\/title>\n<meta name=\"description\" content=\"COGES EVENTS organizes global defense and security events, fostering innovation, international cooperation and the creation of partnerships.\" \/>\n<meta name=\"robots\" content=\"index, follow, max-snippet:-1, max-image-preview:large, max-video-preview:-1\" \/>\n<link rel=\"canonical\" href=\"https:\/\/www.cogesevents.com\/en\/our-strategic-committee\/\" \/>\n<meta property=\"og:locale\" content=\"en_US\" \/>\n<meta property=\"og:type\" content=\"article\" \/>\n<meta property=\"og:title\" content=\"COGES EVENTS : Expert in defense and security events\" \/>\n<meta property=\"og:description\" content=\"COGES EVENTS organizes global defense and security events, fostering innovation, international cooperation and the creation of partnerships.\" \/>\n<meta property=\"og:url\" content=\"https:\/\/www.cogesevents.com\/en\/our-strategic-committee\/\" \/>\n<meta property=\"og:site_name\" content=\"Coges Events\" \/>\n<meta property=\"article:modified_time\" content=\"2025-07-01T16:00:35+00:00\" \/>\n<meta name=\"twitter:card\" content=\"summary_large_image\" \/>\n<script type=\"application\/ld+json\" class=\"yoast-schema-graph\">{\"@context\":\"https:\/\/schema.org\",\"@graph\":[{\"@type\":\"WebPage\",\"@id\":\"https:\/\/www.cogesevents.com\/en\/our-strategic-committee\/\",\"url\":\"https:\/\/www.cogesevents.com\/en\/our-strategic-committee\/\",\"name\":\"COGES EVENTS : Expert in defense and security events\",\"isPartOf\":{\"@id\":\"https:\/\/cgmjqoz.cluster031.hosting.ovh.net\/Dune\/#website\"},\"datePublished\":\"2025-03-04T09:10:36+00:00\",\"dateModified\":\"2025-07-01T16:00:35+00:00\",\"description\":\"COGES EVENTS organizes global defense and security events, fostering innovation, international cooperation and the creation of partnerships.\",\"breadcrumb\":{\"@id\":\"https:\/\/www.cogesevents.com\/en\/our-strategic-committee\/#breadcrumb\"},\"inLanguage\":\"en-US\",\"potentialAction\":[{\"@type\":\"ReadAction\",\"target\":[\"https:\/\/www.cogesevents.com\/en\/our-strategic-committee\/\"]}]},{\"@type\":\"BreadcrumbList\",\"@id\":\"https:\/\/www.cogesevents.com\/en\/our-strategic-committee\/#breadcrumb\",\"itemListElement\":[{\"@type\":\"ListItem\",\"position\":1,\"name\":\"Accueil\",\"item\":\"https:\/\/www.cogesevents.com\/en\/home\/\"},{\"@type\":\"ListItem\",\"position\":2,\"name\":\"Our executive committee\"}]},{\"@type\":\"WebSite\",\"@id\":\"https:\/\/cgmjqoz.cluster031.hosting.ovh.net\/Dune\/#website\",\"url\":\"https:\/\/cgmjqoz.cluster031.hosting.ovh.net\/Dune\/\",\"name\":\"Coges Events\",\"description\":\"Organisateur d&#039;\u00e9v\u00e8nements internationaux de D\u00e9fense et de S\u00e9curit\u00e9\",\"publisher\":{\"@id\":\"https:\/\/cgmjqoz.cluster031.hosting.ovh.net\/Dune\/#organization\"},\"potentialAction\":[{\"@type\":\"SearchAction\",\"target\":{\"@type\":\"EntryPoint\",\"urlTemplate\":\"https:\/\/cgmjqoz.cluster031.hosting.ovh.net\/Dune\/?s={search_term_string}\"},\"query-input\":{\"@type\":\"PropertyValueSpecification\",\"valueRequired\":true,\"valueName\":\"search_term_string\"}}],\"inLanguage\":\"en-US\"},{\"@type\":\"Organization\",\"@id\":\"https:\/\/cgmjqoz.cluster031.hosting.ovh.net\/Dune\/#organization\",\"name\":\"Coges Events\",\"url\":\"https:\/\/cgmjqoz.cluster031.hosting.ovh.net\/Dune\/\",\"logo\":{\"@type\":\"ImageObject\",\"inLanguage\":\"en-US\",\"@id\":\"https:\/\/cgmjqoz.cluster031.hosting.ovh.net\/Dune\/#\/schema\/logo\/image\/\",\"url\":\"https:\/\/www.cogesevents.com\/wp-content\/uploads\/2025\/02\/logo-coges-events-site.png\",\"contentUrl\":\"https:\/\/www.cogesevents.com\/wp-content\/uploads\/2025\/02\/logo-coges-events-site.png\",\"width\":350,\"height\":100,\"caption\":\"Coges Events\"},\"image\":{\"@id\":\"https:\/\/cgmjqoz.cluster031.hosting.ovh.net\/Dune\/#\/schema\/logo\/image\/\"},\"sameAs\":[\"https:\/\/www.linkedin.com\/company\/coges\/\",\"https:\/\/www.youtube.com\/@cogesevents\"]}]}<\/script>\n<!-- \/ Yoast SEO plugin. -->","yoast_head_json":{"title":"COGES EVENTS : Expert in defense and security events","description":"COGES EVENTS organizes global defense and security events, fostering innovation, international cooperation and the creation of partnerships.","robots":{"index":"index","follow":"follow","max-snippet":"max-snippet:-1","max-image-preview":"max-image-preview:large","max-video-preview":"max-video-preview:-1"},"canonical":"https:\/\/www.cogesevents.com\/en\/our-strategic-committee\/","og_locale":"en_US","og_type":"article","og_title":"COGES EVENTS : Expert in defense and security events","og_description":"COGES EVENTS organizes global defense and security events, fostering innovation, international cooperation and the creation of partnerships.","og_url":"https:\/\/www.cogesevents.com\/en\/our-strategic-committee\/","og_site_name":"Coges Events","article_modified_time":"2025-07-01T16:00:35+00:00","twitter_card":"summary_large_image","schema":{"@context":"https:\/\/schema.org","@graph":[{"@type":"WebPage","@id":"https:\/\/www.cogesevents.com\/en\/our-strategic-committee\/","url":"https:\/\/www.cogesevents.com\/en\/our-strategic-committee\/","name":"COGES EVENTS : Expert in defense and security events","isPartOf":{"@id":"https:\/\/cgmjqoz.cluster031.hosting.ovh.net\/Dune\/#website"},"datePublished":"2025-03-04T09:10:36+00:00","dateModified":"2025-07-01T16:00:35+00:00","description":"COGES EVENTS organizes global defense and security events, fostering innovation, international cooperation and the creation of partnerships.","breadcrumb":{"@id":"https:\/\/www.cogesevents.com\/en\/our-strategic-committee\/#breadcrumb"},"inLanguage":"en-US","potentialAction":[{"@type":"ReadAction","target":["https:\/\/www.cogesevents.com\/en\/our-strategic-committee\/"]}]},{"@type":"BreadcrumbList","@id":"https:\/\/www.cogesevents.com\/en\/our-strategic-committee\/#breadcrumb","itemListElement":[{"@type":"ListItem","position":1,"name":"Accueil","item":"https:\/\/www.cogesevents.com\/en\/home\/"},{"@type":"ListItem","position":2,"name":"Our executive committee"}]},{"@type":"WebSite","@id":"https:\/\/cgmjqoz.cluster031.hosting.ovh.net\/Dune\/#website","url":"https:\/\/cgmjqoz.cluster031.hosting.ovh.net\/Dune\/","name":"Coges Events","description":"Organisateur d&#039;\u00e9v\u00e8nements internationaux de D\u00e9fense et de S\u00e9curit\u00e9","publisher":{"@id":"https:\/\/cgmjqoz.cluster031.hosting.ovh.net\/Dune\/#organization"},"potentialAction":[{"@type":"SearchAction","target":{"@type":"EntryPoint","urlTemplate":"https:\/\/cgmjqoz.cluster031.hosting.ovh.net\/Dune\/?s={search_term_string}"},"query-input":{"@type":"PropertyValueSpecification","valueRequired":true,"valueName":"search_term_string"}}],"inLanguage":"en-US"},{"@type":"Organization","@id":"https:\/\/cgmjqoz.cluster031.hosting.ovh.net\/Dune\/#organization","name":"Coges Events","url":"https:\/\/cgmjqoz.cluster031.hosting.ovh.net\/Dune\/","logo":{"@type":"ImageObject","inLanguage":"en-US","@id":"https:\/\/cgmjqoz.cluster031.hosting.ovh.net\/Dune\/#\/schema\/logo\/image\/","url":"https:\/\/www.cogesevents.com\/wp-content\/uploads\/2025\/02\/logo-coges-events-site.png","contentUrl":"https:\/\/www.cogesevents.com\/wp-content\/uploads\/2025\/02\/logo-coges-events-site.png","width":350,"height":100,"caption":"Coges Events"},"image":{"@id":"https:\/\/cgmjqoz.cluster031.hosting.ovh.net\/Dune\/#\/schema\/logo\/image\/"},"sameAs":["https:\/\/www.linkedin.com\/company\/coges\/","https:\/\/www.youtube.com\/@cogesevents"]}]}},"publishpress_future_action":{"enabled":false,"date":"2026-05-14 20:09:03","action":"change-status","newStatus":"draft","terms":[],"taxonomy":"translation_priority","extraData":[]},"publishpress_future_workflow_manual_trigger":{"enabledWorkflows":[]},"_links":{"self":[{"href":"https:\/\/www.cogesevents.com\/en\/wp-json\/wp\/v2\/pages\/46611","targetHints":{"allow":["GET"]}}],"collection":[{"href":"https:\/\/www.cogesevents.com\/en\/wp-json\/wp\/v2\/pages"}],"about":[{"href":"https:\/\/www.cogesevents.com\/en\/wp-json\/wp\/v2\/types\/page"}],"author":[{"embeddable":true,"href":"https:\/\/www.cogesevents.com\/en\/wp-json\/wp\/v2\/users\/1"}],"replies":[{"embeddable":true,"href":"https:\/\/www.cogesevents.com\/en\/wp-json\/wp\/v2\/comments?post=46611"}],"version-history":[{"count":5,"href":"https:\/\/www.cogesevents.com\/en\/wp-json\/wp\/v2\/pages\/46611\/revisions"}],"predecessor-version":[{"id":47534,"href":"https:\/\/www.cogesevents.com\/en\/wp-json\/wp\/v2\/pages\/46611\/revisions\/47534"}],"wp:attachment":[{"href":"https:\/\/www.cogesevents.com\/en\/wp-json\/wp\/v2\/media?parent=46611"}],"curies":[{"name":"wp","href":"https:\/\/api.w.org\/{rel}","templated":true}]}}