{"id":46114,"date":"2025-03-03T12:52:26","date_gmt":"2025-03-03T11:52:26","guid":{"rendered":"https:\/\/cgmjqoz.cluster031.hosting.ovh.net\/Dune\/privacy-policy\/"},"modified":"2025-03-03T12:55:31","modified_gmt":"2025-03-03T11:55:31","slug":"privacy-policy","status":"publish","type":"page","link":"https:\/\/www.cogesevents.com\/en\/privacy-policy\/","title":{"rendered":"Privacy policy"},"content":{"rendered":"\t\t<div data-elementor-type=\"wp-page\" data-elementor-id=\"46114\" class=\"elementor elementor-46114 elementor-46108\" data-elementor-post-type=\"page\">\n\t\t\t\t\t\t<section class=\"elementor-section elementor-top-section elementor-element elementor-element-13453870 elementor-section-boxed elementor-section-height-default elementor-section-height-default\" data-id=\"13453870\" data-element_type=\"section\" data-e-type=\"section\">\n\t\t\t\t\t\t<div class=\"elementor-container elementor-column-gap-default\">\n\t\t\t\t\t<div class=\"elementor-column elementor-col-100 elementor-top-column elementor-element elementor-element-67fc550\" data-id=\"67fc550\" data-element_type=\"column\" data-e-type=\"column\">\n\t\t\t<div class=\"elementor-widget-wrap elementor-element-populated\">\n\t\t\t\t\t\t<div class=\"elementor-element elementor-element-7ac82c73 elementor-widget elementor-widget-heading\" data-id=\"7ac82c73\" data-element_type=\"widget\" data-e-type=\"widget\" data-widget_type=\"heading.default\">\n\t\t\t\t<div class=\"elementor-widget-container\">\n\t\t\t\t\t<h1 class=\"elementor-heading-title elementor-size-default\">Privacy Policy<\/h1>\t\t\t\t<\/div>\n\t\t\t\t<\/div>\n\t\t\t\t<div class=\"elementor-element elementor-element-37f918dc elementor-widget elementor-widget-text-editor\" data-id=\"37f918dc\" data-element_type=\"widget\" data-e-type=\"widget\" data-widget_type=\"text-editor.default\">\n\t\t\t\t<div class=\"elementor-widget-container\">\n\t\t\t\t\t\t\t\t\t<p>Coges Events is committed to protecting your personal data in accordance with the General Data Protection Regulation (GDPR) and other applicable regulations on the protection of personal data.<\/p>\t\t\t\t\t\t\t\t<\/div>\n\t\t\t\t<\/div>\n\t\t\t\t<div class=\"elementor-element elementor-element-29321028 elementor-widget elementor-widget-heading\" data-id=\"29321028\" data-element_type=\"widget\" data-e-type=\"widget\" data-widget_type=\"heading.default\">\n\t\t\t\t<div class=\"elementor-widget-container\">\n\t\t\t\t\t<h2 class=\"elementor-heading-title elementor-size-default\">1. Data controller<\/h2>\t\t\t\t<\/div>\n\t\t\t\t<\/div>\n\t\t\t\t<div class=\"elementor-element elementor-element-377ec39f elementor-widget elementor-widget-text-editor\" data-id=\"377ec39f\" data-element_type=\"widget\" data-e-type=\"widget\" data-widget_type=\"text-editor.default\">\n\t\t\t\t<div class=\"elementor-widget-container\">\n\t\t\t\t\t\t\t\t\t<p>Coges Events, as organizer of international BtoB events such as Eurosatory, Expodefensa, SITM &#8230; or on behalf of partners, is responsible for processing personal data collected as part of its communication and promotional activities.<\/p>\t\t\t\t\t\t\t\t<\/div>\n\t\t\t\t<\/div>\n\t\t\t\t<div class=\"elementor-element elementor-element-5d89e7ca elementor-widget elementor-widget-heading\" data-id=\"5d89e7ca\" data-element_type=\"widget\" data-e-type=\"widget\" data-widget_type=\"heading.default\">\n\t\t\t\t<div class=\"elementor-widget-container\">\n\t\t\t\t\t<h2 class=\"elementor-heading-title elementor-size-default\">2. Collected data<\/h2>\t\t\t\t<\/div>\n\t\t\t\t<\/div>\n\t\t\t\t<div class=\"elementor-element elementor-element-4381a3bb elementor-widget elementor-widget-text-editor\" data-id=\"4381a3bb\" data-element_type=\"widget\" data-e-type=\"widget\" data-widget_type=\"text-editor.default\">\n\t\t\t\t<div class=\"elementor-widget-container\">\n\t\t\t\t\t\t\t\t\t<p>We collect information such as your first and last name, e-mail address, telephone number, job title, company and communication preferences. This data is used exclusively for professional relations purposes in connection with the promotion of our BtoB events, dedicated to the defense and security sectors.<\/p>\t\t\t\t\t\t\t\t<\/div>\n\t\t\t\t<\/div>\n\t\t\t\t<div class=\"elementor-element elementor-element-323334d elementor-widget elementor-widget-heading\" data-id=\"323334d\" data-element_type=\"widget\" data-e-type=\"widget\" data-widget_type=\"heading.default\">\n\t\t\t\t<div class=\"elementor-widget-container\">\n\t\t\t\t\t<h2 class=\"elementor-heading-title elementor-size-default\">3. Purpose and legal basis of processing<\/h2>\t\t\t\t<\/div>\n\t\t\t\t<\/div>\n\t\t\t\t<div class=\"elementor-element elementor-element-7273fb9c elementor-widget elementor-widget-text-editor\" data-id=\"7273fb9c\" data-element_type=\"widget\" data-e-type=\"widget\" data-widget_type=\"text-editor.default\">\n\t\t\t\t<div class=\"elementor-widget-container\">\n\t\t\t\t\t\t\t\t\t<p>Your data is processed in order to :<\/p><ul><li>To send you invitations, newsletters and news about our professional events.<\/li><li>Carry out sales prospecting<\/li><li>Allow you to manage your communication preferences.<\/li><\/ul><p> <\/p><p>This processing is based on our legitimate interest in keeping you informed of activities and news relevant to your professional activity and to the defence and security community. <\/p>\t\t\t\t\t\t\t\t<\/div>\n\t\t\t\t<\/div>\n\t\t\t\t<div class=\"elementor-element elementor-element-21d3b3a3 elementor-widget elementor-widget-heading\" data-id=\"21d3b3a3\" data-element_type=\"widget\" data-e-type=\"widget\" data-widget_type=\"heading.default\">\n\t\t\t\t<div class=\"elementor-widget-container\">\n\t\t\t\t\t<h2 class=\"elementor-heading-title elementor-size-default\">4. Data sharing<\/h2>\t\t\t\t<\/div>\n\t\t\t\t<\/div>\n\t\t\t\t<div class=\"elementor-element elementor-element-5c91f1f6 elementor-widget elementor-widget-text-editor\" data-id=\"5c91f1f6\" data-element_type=\"widget\" data-e-type=\"widget\" data-widget_type=\"text-editor.default\">\n\t\t\t\t<div class=\"elementor-widget-container\">\n\t\t\t\t\t\t\t\t\t<p>Your data may be shared with our partners or service providers to facilitate the management and promotion of our events, as well as in connection with your participation in our events, in strict compliance with security and confidentiality requirements.<br>The data collected is hosted on servers located in the European Union.<\/p>\t\t\t\t\t\t\t\t<\/div>\n\t\t\t\t<\/div>\n\t\t\t\t<div class=\"elementor-element elementor-element-2ef05b50 elementor-widget elementor-widget-heading\" data-id=\"2ef05b50\" data-element_type=\"widget\" data-e-type=\"widget\" data-widget_type=\"heading.default\">\n\t\t\t\t<div class=\"elementor-widget-container\">\n\t\t\t\t\t<h2 class=\"elementor-heading-title elementor-size-default\">5. Your rights<\/h2>\t\t\t\t<\/div>\n\t\t\t\t<\/div>\n\t\t\t\t<div class=\"elementor-element elementor-element-fbae3ad elementor-widget elementor-widget-text-editor\" data-id=\"fbae3ad\" data-element_type=\"widget\" data-e-type=\"widget\" data-widget_type=\"text-editor.default\">\n\t\t\t\t<div class=\"elementor-widget-container\">\n\t\t\t\t\t\t\t\t\t<p>In accordance with the RGPD, you have the following rights:<\/p><ul><li>Access, rectification or deletion of your data.<\/li><li>Opposing or limiting the processing of your data.<\/li><\/ul><p><br>You may exercise these rights at any time by writing to us at the following address: <a href=\"mailto:dpo@cogesevents.com\">dpo@cogesevents.com<\/a><\/p>\t\t\t\t\t\t\t\t<\/div>\n\t\t\t\t<\/div>\n\t\t\t\t<div class=\"elementor-element elementor-element-5215efa0 elementor-widget elementor-widget-heading\" data-id=\"5215efa0\" data-element_type=\"widget\" data-e-type=\"widget\" data-widget_type=\"heading.default\">\n\t\t\t\t<div class=\"elementor-widget-container\">\n\t\t\t\t\t<h2 class=\"elementor-heading-title elementor-size-default\">6. Shelf life<\/h2>\t\t\t\t<\/div>\n\t\t\t\t<\/div>\n\t\t\t\t<div class=\"elementor-element elementor-element-43191d3e elementor-widget elementor-widget-text-editor\" data-id=\"43191d3e\" data-element_type=\"widget\" data-e-type=\"widget\" data-widget_type=\"text-editor.default\">\n\t\t\t\t<div class=\"elementor-widget-container\">\n\t\t\t\t\t\t\t\t\t<p>Your data will be stored for as long as is necessary to achieve the aforementioned purposes or in accordance with applicable legal obligations.<\/p>\t\t\t\t\t\t\t\t<\/div>\n\t\t\t\t<\/div>\n\t\t\t\t<div class=\"elementor-element elementor-element-4cdf2841 elementor-widget elementor-widget-heading\" data-id=\"4cdf2841\" data-element_type=\"widget\" data-e-type=\"widget\" data-widget_type=\"heading.default\">\n\t\t\t\t<div class=\"elementor-widget-container\">\n\t\t\t\t\t<h2 class=\"elementor-heading-title elementor-size-default\">7. Unsubscribe and manage preferences<\/h2>\t\t\t\t<\/div>\n\t\t\t\t<\/div>\n\t\t\t\t<div class=\"elementor-element elementor-element-62762ebe elementor-widget elementor-widget-text-editor\" data-id=\"62762ebe\" data-element_type=\"widget\" data-e-type=\"widget\" data-widget_type=\"text-editor.default\">\n\t\t\t\t<div class=\"elementor-widget-container\">\n\t\t\t\t\t\t\t\t\t<p>You can change your preferences or unsubscribe at any time via the link included in our communications.<\/p>\t\t\t\t\t\t\t\t<\/div>\n\t\t\t\t<\/div>\n\t\t\t\t\t<\/div>\n\t\t<\/div>\n\t\t\t\t\t<\/div>\n\t\t<\/section>\n\t\t\t\t<\/div>\n\t\t","protected":false},"excerpt":{"rendered":"<p>Privacy Policy Coges Events is committed to protecting your personal data in accordance with the General Data Protection Regulation (GDPR) and other applicable regulations on the protection of personal data. 1. Data controller Coges Events, as organizer of international BtoB events such as Eurosatory, Expodefensa, SITM &#8230; or on behalf of partners, is responsible for [&hellip;]<\/p>\n","protected":false},"author":1,"featured_media":0,"parent":0,"menu_order":0,"comment_status":"closed","ping_status":"closed","template":"","meta":{"_acf_changed":false,"footnotes":""},"class_list":["post-46114","page","type-page","status-publish","hentry"],"acf":[],"yoast_head":"<!-- This site is optimized with the Yoast SEO plugin v26.9 - https:\/\/yoast.com\/product\/yoast-seo-wordpress\/ -->\n<title>Privacy policy - Coges Events<\/title>\n<meta name=\"robots\" content=\"index, follow, max-snippet:-1, max-image-preview:large, max-video-preview:-1\" \/>\n<link rel=\"canonical\" href=\"https:\/\/www.cogesevents.com\/en\/privacy-policy\/\" \/>\n<meta property=\"og:locale\" content=\"en_US\" \/>\n<meta property=\"og:type\" content=\"article\" \/>\n<meta property=\"og:title\" content=\"Privacy policy - Coges Events\" \/>\n<meta property=\"og:description\" content=\"Privacy Policy Coges Events is committed to protecting your personal data in accordance with the General Data Protection Regulation (GDPR) and other applicable regulations on the protection of personal data. 1. Data controller Coges Events, as organizer of international BtoB events such as Eurosatory, Expodefensa, SITM &#8230; or on behalf of partners, is responsible for [&hellip;]\" \/>\n<meta property=\"og:url\" content=\"https:\/\/www.cogesevents.com\/en\/privacy-policy\/\" \/>\n<meta property=\"og:site_name\" content=\"Coges Events\" \/>\n<meta property=\"article:modified_time\" content=\"2025-03-03T11:55:31+00:00\" \/>\n<meta name=\"twitter:card\" content=\"summary_large_image\" \/>\n<meta name=\"twitter:label1\" content=\"Est. reading time\" \/>\n\t<meta name=\"twitter:data1\" content=\"2 minutes\" \/>\n<script type=\"application\/ld+json\" class=\"yoast-schema-graph\">{\"@context\":\"https:\/\/schema.org\",\"@graph\":[{\"@type\":\"WebPage\",\"@id\":\"https:\/\/www.cogesevents.com\/en\/privacy-policy\/\",\"url\":\"https:\/\/www.cogesevents.com\/en\/privacy-policy\/\",\"name\":\"Privacy policy - Coges Events\",\"isPartOf\":{\"@id\":\"https:\/\/cgmjqoz.cluster031.hosting.ovh.net\/Dune\/#website\"},\"datePublished\":\"2025-03-03T11:52:26+00:00\",\"dateModified\":\"2025-03-03T11:55:31+00:00\",\"breadcrumb\":{\"@id\":\"https:\/\/www.cogesevents.com\/en\/privacy-policy\/#breadcrumb\"},\"inLanguage\":\"en-US\",\"potentialAction\":[{\"@type\":\"ReadAction\",\"target\":[\"https:\/\/www.cogesevents.com\/en\/privacy-policy\/\"]}]},{\"@type\":\"BreadcrumbList\",\"@id\":\"https:\/\/www.cogesevents.com\/en\/privacy-policy\/#breadcrumb\",\"itemListElement\":[{\"@type\":\"ListItem\",\"position\":1,\"name\":\"Accueil\",\"item\":\"https:\/\/www.cogesevents.com\/en\/home\/\"},{\"@type\":\"ListItem\",\"position\":2,\"name\":\"Privacy policy\"}]},{\"@type\":\"WebSite\",\"@id\":\"https:\/\/cgmjqoz.cluster031.hosting.ovh.net\/Dune\/#website\",\"url\":\"https:\/\/cgmjqoz.cluster031.hosting.ovh.net\/Dune\/\",\"name\":\"Coges Events\",\"description\":\"Organisateur d&#039;\u00e9v\u00e8nements internationaux de D\u00e9fense et de S\u00e9curit\u00e9\",\"publisher\":{\"@id\":\"https:\/\/cgmjqoz.cluster031.hosting.ovh.net\/Dune\/#organization\"},\"potentialAction\":[{\"@type\":\"SearchAction\",\"target\":{\"@type\":\"EntryPoint\",\"urlTemplate\":\"https:\/\/cgmjqoz.cluster031.hosting.ovh.net\/Dune\/?s={search_term_string}\"},\"query-input\":{\"@type\":\"PropertyValueSpecification\",\"valueRequired\":true,\"valueName\":\"search_term_string\"}}],\"inLanguage\":\"en-US\"},{\"@type\":\"Organization\",\"@id\":\"https:\/\/cgmjqoz.cluster031.hosting.ovh.net\/Dune\/#organization\",\"name\":\"Coges Events\",\"url\":\"https:\/\/cgmjqoz.cluster031.hosting.ovh.net\/Dune\/\",\"logo\":{\"@type\":\"ImageObject\",\"inLanguage\":\"en-US\",\"@id\":\"https:\/\/cgmjqoz.cluster031.hosting.ovh.net\/Dune\/#\/schema\/logo\/image\/\",\"url\":\"https:\/\/www.cogesevents.com\/wp-content\/uploads\/2025\/02\/logo-coges-events-site.png\",\"contentUrl\":\"https:\/\/www.cogesevents.com\/wp-content\/uploads\/2025\/02\/logo-coges-events-site.png\",\"width\":350,\"height\":100,\"caption\":\"Coges Events\"},\"image\":{\"@id\":\"https:\/\/cgmjqoz.cluster031.hosting.ovh.net\/Dune\/#\/schema\/logo\/image\/\"},\"sameAs\":[\"https:\/\/www.linkedin.com\/company\/coges\/\",\"https:\/\/www.youtube.com\/@cogesevents\"]}]}<\/script>\n<!-- \/ Yoast SEO plugin. -->","yoast_head_json":{"title":"Privacy policy - Coges Events","robots":{"index":"index","follow":"follow","max-snippet":"max-snippet:-1","max-image-preview":"max-image-preview:large","max-video-preview":"max-video-preview:-1"},"canonical":"https:\/\/www.cogesevents.com\/en\/privacy-policy\/","og_locale":"en_US","og_type":"article","og_title":"Privacy policy - Coges Events","og_description":"Privacy Policy Coges Events is committed to protecting your personal data in accordance with the General Data Protection Regulation (GDPR) and other applicable regulations on the protection of personal data. 1. Data controller Coges Events, as organizer of international BtoB events such as Eurosatory, Expodefensa, SITM &#8230; or on behalf of partners, is responsible for [&hellip;]","og_url":"https:\/\/www.cogesevents.com\/en\/privacy-policy\/","og_site_name":"Coges Events","article_modified_time":"2025-03-03T11:55:31+00:00","twitter_card":"summary_large_image","twitter_misc":{"Est. reading time":"2 minutes"},"schema":{"@context":"https:\/\/schema.org","@graph":[{"@type":"WebPage","@id":"https:\/\/www.cogesevents.com\/en\/privacy-policy\/","url":"https:\/\/www.cogesevents.com\/en\/privacy-policy\/","name":"Privacy policy - Coges Events","isPartOf":{"@id":"https:\/\/cgmjqoz.cluster031.hosting.ovh.net\/Dune\/#website"},"datePublished":"2025-03-03T11:52:26+00:00","dateModified":"2025-03-03T11:55:31+00:00","breadcrumb":{"@id":"https:\/\/www.cogesevents.com\/en\/privacy-policy\/#breadcrumb"},"inLanguage":"en-US","potentialAction":[{"@type":"ReadAction","target":["https:\/\/www.cogesevents.com\/en\/privacy-policy\/"]}]},{"@type":"BreadcrumbList","@id":"https:\/\/www.cogesevents.com\/en\/privacy-policy\/#breadcrumb","itemListElement":[{"@type":"ListItem","position":1,"name":"Accueil","item":"https:\/\/www.cogesevents.com\/en\/home\/"},{"@type":"ListItem","position":2,"name":"Privacy policy"}]},{"@type":"WebSite","@id":"https:\/\/cgmjqoz.cluster031.hosting.ovh.net\/Dune\/#website","url":"https:\/\/cgmjqoz.cluster031.hosting.ovh.net\/Dune\/","name":"Coges Events","description":"Organisateur d&#039;\u00e9v\u00e8nements internationaux de D\u00e9fense et de S\u00e9curit\u00e9","publisher":{"@id":"https:\/\/cgmjqoz.cluster031.hosting.ovh.net\/Dune\/#organization"},"potentialAction":[{"@type":"SearchAction","target":{"@type":"EntryPoint","urlTemplate":"https:\/\/cgmjqoz.cluster031.hosting.ovh.net\/Dune\/?s={search_term_string}"},"query-input":{"@type":"PropertyValueSpecification","valueRequired":true,"valueName":"search_term_string"}}],"inLanguage":"en-US"},{"@type":"Organization","@id":"https:\/\/cgmjqoz.cluster031.hosting.ovh.net\/Dune\/#organization","name":"Coges Events","url":"https:\/\/cgmjqoz.cluster031.hosting.ovh.net\/Dune\/","logo":{"@type":"ImageObject","inLanguage":"en-US","@id":"https:\/\/cgmjqoz.cluster031.hosting.ovh.net\/Dune\/#\/schema\/logo\/image\/","url":"https:\/\/www.cogesevents.com\/wp-content\/uploads\/2025\/02\/logo-coges-events-site.png","contentUrl":"https:\/\/www.cogesevents.com\/wp-content\/uploads\/2025\/02\/logo-coges-events-site.png","width":350,"height":100,"caption":"Coges Events"},"image":{"@id":"https:\/\/cgmjqoz.cluster031.hosting.ovh.net\/Dune\/#\/schema\/logo\/image\/"},"sameAs":["https:\/\/www.linkedin.com\/company\/coges\/","https:\/\/www.youtube.com\/@cogesevents"]}]}},"publishpress_future_action":{"enabled":false,"date":"2026-05-14 19:09:12","action":"change-status","newStatus":"draft","terms":[],"taxonomy":"translation_priority","extraData":[]},"publishpress_future_workflow_manual_trigger":{"enabledWorkflows":[]},"_links":{"self":[{"href":"https:\/\/www.cogesevents.com\/en\/wp-json\/wp\/v2\/pages\/46114","targetHints":{"allow":["GET"]}}],"collection":[{"href":"https:\/\/www.cogesevents.com\/en\/wp-json\/wp\/v2\/pages"}],"about":[{"href":"https:\/\/www.cogesevents.com\/en\/wp-json\/wp\/v2\/types\/page"}],"author":[{"embeddable":true,"href":"https:\/\/www.cogesevents.com\/en\/wp-json\/wp\/v2\/users\/1"}],"replies":[{"embeddable":true,"href":"https:\/\/www.cogesevents.com\/en\/wp-json\/wp\/v2\/comments?post=46114"}],"version-history":[{"count":1,"href":"https:\/\/www.cogesevents.com\/en\/wp-json\/wp\/v2\/pages\/46114\/revisions"}],"predecessor-version":[{"id":46115,"href":"https:\/\/www.cogesevents.com\/en\/wp-json\/wp\/v2\/pages\/46114\/revisions\/46115"}],"wp:attachment":[{"href":"https:\/\/www.cogesevents.com\/en\/wp-json\/wp\/v2\/media?parent=46114"}],"curies":[{"name":"wp","href":"https:\/\/api.w.org\/{rel}","templated":true}]}}