{"id":46106,"date":"2025-03-03T12:45:33","date_gmt":"2025-03-03T11:45:33","guid":{"rendered":"https:\/\/cgmjqoz.cluster031.hosting.ovh.net\/Dune\/cookies\/"},"modified":"2025-03-03T12:52:01","modified_gmt":"2025-03-03T11:52:01","slug":"cookies","status":"publish","type":"page","link":"https:\/\/www.cogesevents.com\/en\/cookies\/","title":{"rendered":"Cookies"},"content":{"rendered":"\t\t<div data-elementor-type=\"wp-page\" data-elementor-id=\"46106\" class=\"elementor elementor-46106 elementor-46100\" data-elementor-post-type=\"page\">\n\t\t\t\t\t\t<section class=\"elementor-section elementor-top-section elementor-element elementor-element-13e59d33 elementor-section-boxed elementor-section-height-default elementor-section-height-default\" data-id=\"13e59d33\" data-element_type=\"section\" data-e-type=\"section\">\n\t\t\t\t\t\t<div class=\"elementor-container elementor-column-gap-default\">\n\t\t\t\t\t<div class=\"elementor-column elementor-col-100 elementor-top-column elementor-element elementor-element-477507f3\" data-id=\"477507f3\" data-element_type=\"column\" data-e-type=\"column\">\n\t\t\t<div class=\"elementor-widget-wrap elementor-element-populated\">\n\t\t\t\t\t\t<div class=\"elementor-element elementor-element-5ba9ded8 elementor-widget elementor-widget-heading\" data-id=\"5ba9ded8\" data-element_type=\"widget\" data-e-type=\"widget\" data-widget_type=\"heading.default\">\n\t\t\t\t<div class=\"elementor-widget-container\">\n\t\t\t\t\t<h1 class=\"elementor-heading-title elementor-size-default\">Cookie policy<\/h1>\t\t\t\t<\/div>\n\t\t\t\t<\/div>\n\t\t\t\t<div class=\"elementor-element elementor-element-347989ac elementor-widget elementor-widget-text-editor\" data-id=\"347989ac\" data-element_type=\"widget\" data-e-type=\"widget\" data-widget_type=\"text-editor.default\">\n\t\t\t\t<div class=\"elementor-widget-container\">\n\t\t\t\t\t\t\t\t\t<p>This section is intended to inform you about the use of cookies on the site when you visit its website.<\/p>\t\t\t\t\t\t\t\t<\/div>\n\t\t\t\t<\/div>\n\t\t\t\t<div class=\"elementor-element elementor-element-50ece498 elementor-widget elementor-widget-heading\" data-id=\"50ece498\" data-element_type=\"widget\" data-e-type=\"widget\" data-widget_type=\"heading.default\">\n\t\t\t\t<div class=\"elementor-widget-container\">\n\t\t\t\t\t<h2 class=\"elementor-heading-title elementor-size-default\">What are cookies and what are they used for?<\/h2>\t\t\t\t<\/div>\n\t\t\t\t<\/div>\n\t\t\t\t<div class=\"elementor-element elementor-element-2bf1f070 elementor-widget elementor-widget-text-editor\" data-id=\"2bf1f070\" data-element_type=\"widget\" data-e-type=\"widget\" data-widget_type=\"text-editor.default\">\n\t\t\t\t<div class=\"elementor-widget-container\">\n\t\t\t\t\t\t\t\t\t<p>A cookie is a small alphanumeric text file placed on the user&#8217;s terminal by the server of the website visited or by a third-party server (advertising agency, web analytics service, etc.).<\/p><p>When you visit our Site, cookies record certain information which is stored in your terminal&#8217;s memory, provided you have accepted them.<\/p><p>We use this information to :<\/p><ul><li>Generate audience statistics ;<\/li><li>To adapt the presentation of our site to the display preferences of your terminal (language used, display resolution, operating system used, etc.) during your visits to our Site;<\/li><li>To store information relating to forms that you may fill in on our Site and to allow you to access reserved and personal areas of our Site, such as your account, using identifiers that you have previously communicated to us.<\/li><\/ul>\t\t\t\t\t\t\t\t<\/div>\n\t\t\t\t<\/div>\n\t\t\t\t<div class=\"elementor-element elementor-element-44c9120 elementor-widget elementor-widget-heading\" data-id=\"44c9120\" data-element_type=\"widget\" data-e-type=\"widget\" data-widget_type=\"heading.default\">\n\t\t\t\t<div class=\"elementor-widget-container\">\n\t\t\t\t\t<h2 class=\"elementor-heading-title elementor-size-default\">Cookies used on our Site<\/h2>\t\t\t\t<\/div>\n\t\t\t\t<\/div>\n\t\t\t\t<div class=\"elementor-element elementor-element-6840187b elementor-widget elementor-widget-text-editor\" data-id=\"6840187b\" data-element_type=\"widget\" data-e-type=\"widget\" data-widget_type=\"text-editor.default\">\n\t\t\t\t<div class=\"elementor-widget-container\">\n\t\t\t\t\t\t\t\t\t<h4>Cookies issued by third parties<\/h4><p>These cookies enable :<\/p><ul><li>Count the number of users who have clicked on our links for statistical purposes.<\/li><li>To recognize your terminal during subsequent navigation on any other site and adapt content to navigation.<\/li><\/ul><h4>Cookies issued by social networks<\/h4><p>Our Site uses Facebook plug-ins. As a result, if you interact with the plug-ins, for example by clicking on the &#8220;Like&#8221; or &#8220;Share&#8221; button, information relating to your browsing of our Site and your Facebook membership will be transmitted to and stored on a Facebook company server and shared according to your Facebook user account settings, in accordance with Facebook&#8217;s terms of use. <\/p>\t\t\t\t\t\t\t\t<\/div>\n\t\t\t\t<\/div>\n\t\t\t\t<div class=\"elementor-element elementor-element-4d7671a4 elementor-widget elementor-widget-heading\" data-id=\"4d7671a4\" data-element_type=\"widget\" data-e-type=\"widget\" data-widget_type=\"heading.default\">\n\t\t\t\t<div class=\"elementor-widget-container\">\n\t\t\t\t\t<h2 class=\"elementor-heading-title elementor-size-default\">Accept\/refuse cookies<\/h2>\t\t\t\t<\/div>\n\t\t\t\t<\/div>\n\t\t\t\t<div class=\"elementor-element elementor-element-175c0bdc elementor-widget elementor-widget-text-editor\" data-id=\"175c0bdc\" data-element_type=\"widget\" data-e-type=\"widget\" data-widget_type=\"text-editor.default\">\n\t\t\t\t<div class=\"elementor-widget-container\">\n\t\t\t\t\t\t\t\t\t<p>You can choose to accept or refuse the installation of cookies on your terminal at any time by configuring your browser software.<br>You can also configure your software so that you are prompted to accept or refuse cookies before a cookie is stored on your terminal.<\/p><h4>Why should I accept cookies?<\/h4><p>Some cookies are necessary for the proper functioning of our Site, in particular those used to store the contents of the shopping cart, language and display settings, the version of your browser&#8230;<br>We also use cookies, which record information relating to your browsing on our Site and are stored on your terminal. This information is used to offer you products based on the items you have already selected during your previous visits, thus enabling you to browse our Site more efficiently. <\/p><h4>If you accept cookies<\/h4><p>If you have accepted the storage of cookies on your terminal, the cookies integrated into the pages and content you have consulted may be stored temporarily in a dedicated space on your terminal. They will only be readable there by their sender.<br>You can change your choice at any time, free of charge, using the options provided by your browser. <\/p><h4>If you refuse cookies<\/h4><p>You can prevent cookies being stored on your terminal by adjusting your browser settings (see &#8221; <strong>Browser settings<\/strong> &#8221; below).<\/p><p>However, if you refuse the storage on your terminal of cookies necessary for the proper functioning of our Site (cookies used to store the contents of the shopping cart, session identifier, browser display parameter, language used, etc.), or if you delete those stored on your terminal, you will no longer be able to benefit fully from all our services.<\/p><p>In this case, we will not be held responsible for any deterioration in the operation of the Site and its services resulting from the impossibility of recording or consulting the cookies necessary for this operation and which you have refused or deleted.<\/p>\t\t\t\t\t\t\t\t<\/div>\n\t\t\t\t<\/div>\n\t\t\t\t<div class=\"elementor-element elementor-element-78bae3e2 elementor-widget elementor-widget-heading\" data-id=\"78bae3e2\" data-element_type=\"widget\" data-e-type=\"widget\" data-widget_type=\"heading.default\">\n\t\t\t\t<div class=\"elementor-widget-container\">\n\t\t\t\t\t<h2 class=\"elementor-heading-title elementor-size-default\">Setting up your browser<\/h2>\t\t\t\t<\/div>\n\t\t\t\t<\/div>\n\t\t\t\t<div class=\"elementor-element elementor-element-c87f5ce elementor-widget elementor-widget-text-editor\" data-id=\"c87f5ce\" data-element_type=\"widget\" data-e-type=\"widget\" data-widget_type=\"text-editor.default\">\n\t\t\t\t<div class=\"elementor-widget-container\">\n\t\t\t\t\t\t\t\t\t<p>The configuration of cookie management depends on each browser. It is described in your browser&#8217;s help menu. <\/p><p><strong>For Internet Explorer<\/strong><br>Customize cookie settings for a website:<\/p><ul><li>In Internet Explorer, click on the Tools button, then on Internet Options.<\/li><li>Click on the Privacy tab, then on Sites.<\/li><li>In the Website address box, enter the full address (URL) of the website whose privacy settings you wish to customize.<\/li><li>For example http:\/\/www.microsoft.com.<\/li><li>To allow cookies from the specified website to be saved on your computer, click on Allow. To prevent cookies from the specified website being saved on your computer, click on Reject. <\/li><li>Repeat steps 3 and 4 for each website to be blocked or authorized. When you&#8217;ve finished, click OK twice. <\/li><\/ul><p><strong><br>For Safari<\/strong><br>Go to Preferences, then click on the Privacy tab, then Set Cookies.<\/p><p><strong>For Chrome<\/strong><br>Click on the following icon in the browser toolbar:<\/p><ul><li>Select Settings.<\/li><li>Click on Show advanced settings.<\/li><li>In the &#8220;Privacy&#8221; section, click on the Content settings button.<\/li><li>In the &#8220;Cookies&#8221; section, you can modify the following settings:<\/li><li>Delete cookies.<\/li><li>Block cookies by default.<\/li><li>Allow cookies by default.<\/li><li>Define exceptions for cookies from certain websites or domains.<\/li><\/ul><p><strong><br>For Firefox<\/strong><\/p><ul><li>Click on the Tools button, then on Options.<\/li><li>Click on the Privacy tab.<\/li><li>In the Retention rules section, select &#8220;Use custom settings for history&#8221;.<\/li><li>Check the accept cookies box and click exceptions to choose which websites are always or never allowed to install cookies on your terminal.<\/li><\/ul><p><strong><br>For Opera<\/strong><br>Preferences &gt; Advanced &gt; Cookies<br>Cookie preferences allow you to control how Opera handles cookies. The default setting is to accept all cookies. <\/p><p>Accept cookies:<\/p><ul><li>All cookies are accepted (by default).<\/li><\/ul><p><br>Accept only those of the visited site:<\/p><ul><li>Third-party cookies, from a domain outside the one I visit, are refused.<\/li><\/ul><p><br>Never accept cookies:<\/p><ul><li>All cookies are refused.<\/li><\/ul>\t\t\t\t\t\t\t\t<\/div>\n\t\t\t\t<\/div>\n\t\t\t\t\t<\/div>\n\t\t<\/div>\n\t\t\t\t\t<\/div>\n\t\t<\/section>\n\t\t\t\t<\/div>\n\t\t","protected":false},"excerpt":{"rendered":"<p>Cookie policy This section is intended to inform you about the use of cookies on the site when you visit its website. What are cookies and what are they used for? A cookie is a small alphanumeric text file placed on the user&#8217;s terminal by the server of the website visited or by a third-party [&hellip;]<\/p>\n","protected":false},"author":1,"featured_media":0,"parent":0,"menu_order":0,"comment_status":"closed","ping_status":"closed","template":"","meta":{"_acf_changed":false,"footnotes":""},"class_list":["post-46106","page","type-page","status-publish","hentry"],"acf":[],"yoast_head":"<!-- This site is optimized with the Yoast SEO plugin v26.9 - https:\/\/yoast.com\/product\/yoast-seo-wordpress\/ -->\n<title>Cookies - Coges Events<\/title>\n<meta name=\"robots\" content=\"index, follow, max-snippet:-1, max-image-preview:large, max-video-preview:-1\" \/>\n<link rel=\"canonical\" href=\"https:\/\/www.cogesevents.com\/en\/cookies\/\" \/>\n<meta property=\"og:locale\" content=\"en_US\" \/>\n<meta property=\"og:type\" content=\"article\" \/>\n<meta property=\"og:title\" content=\"Cookies - Coges Events\" \/>\n<meta property=\"og:description\" content=\"Cookie policy This section is intended to inform you about the use of cookies on the site when you visit its website. What are cookies and what are they used for? A cookie is a small alphanumeric text file placed on the user&#8217;s terminal by the server of the website visited or by a third-party [&hellip;]\" \/>\n<meta property=\"og:url\" content=\"https:\/\/www.cogesevents.com\/en\/cookies\/\" \/>\n<meta property=\"og:site_name\" content=\"Coges Events\" \/>\n<meta property=\"article:modified_time\" content=\"2025-03-03T11:52:01+00:00\" \/>\n<meta name=\"twitter:card\" content=\"summary_large_image\" \/>\n<meta name=\"twitter:label1\" content=\"Est. reading time\" \/>\n\t<meta name=\"twitter:data1\" content=\"4 minutes\" \/>\n<script type=\"application\/ld+json\" class=\"yoast-schema-graph\">{\"@context\":\"https:\/\/schema.org\",\"@graph\":[{\"@type\":\"WebPage\",\"@id\":\"https:\/\/www.cogesevents.com\/en\/cookies\/\",\"url\":\"https:\/\/www.cogesevents.com\/en\/cookies\/\",\"name\":\"Cookies - Coges Events\",\"isPartOf\":{\"@id\":\"https:\/\/cgmjqoz.cluster031.hosting.ovh.net\/Dune\/#website\"},\"datePublished\":\"2025-03-03T11:45:33+00:00\",\"dateModified\":\"2025-03-03T11:52:01+00:00\",\"breadcrumb\":{\"@id\":\"https:\/\/www.cogesevents.com\/en\/cookies\/#breadcrumb\"},\"inLanguage\":\"en-US\",\"potentialAction\":[{\"@type\":\"ReadAction\",\"target\":[\"https:\/\/www.cogesevents.com\/en\/cookies\/\"]}]},{\"@type\":\"BreadcrumbList\",\"@id\":\"https:\/\/www.cogesevents.com\/en\/cookies\/#breadcrumb\",\"itemListElement\":[{\"@type\":\"ListItem\",\"position\":1,\"name\":\"Accueil\",\"item\":\"https:\/\/www.cogesevents.com\/en\/home\/\"},{\"@type\":\"ListItem\",\"position\":2,\"name\":\"Cookies\"}]},{\"@type\":\"WebSite\",\"@id\":\"https:\/\/cgmjqoz.cluster031.hosting.ovh.net\/Dune\/#website\",\"url\":\"https:\/\/cgmjqoz.cluster031.hosting.ovh.net\/Dune\/\",\"name\":\"Coges Events\",\"description\":\"Organisateur d&#039;\u00e9v\u00e8nements internationaux de D\u00e9fense et de S\u00e9curit\u00e9\",\"publisher\":{\"@id\":\"https:\/\/cgmjqoz.cluster031.hosting.ovh.net\/Dune\/#organization\"},\"potentialAction\":[{\"@type\":\"SearchAction\",\"target\":{\"@type\":\"EntryPoint\",\"urlTemplate\":\"https:\/\/cgmjqoz.cluster031.hosting.ovh.net\/Dune\/?s={search_term_string}\"},\"query-input\":{\"@type\":\"PropertyValueSpecification\",\"valueRequired\":true,\"valueName\":\"search_term_string\"}}],\"inLanguage\":\"en-US\"},{\"@type\":\"Organization\",\"@id\":\"https:\/\/cgmjqoz.cluster031.hosting.ovh.net\/Dune\/#organization\",\"name\":\"Coges Events\",\"url\":\"https:\/\/cgmjqoz.cluster031.hosting.ovh.net\/Dune\/\",\"logo\":{\"@type\":\"ImageObject\",\"inLanguage\":\"en-US\",\"@id\":\"https:\/\/cgmjqoz.cluster031.hosting.ovh.net\/Dune\/#\/schema\/logo\/image\/\",\"url\":\"https:\/\/www.cogesevents.com\/wp-content\/uploads\/2025\/02\/logo-coges-events-site.png\",\"contentUrl\":\"https:\/\/www.cogesevents.com\/wp-content\/uploads\/2025\/02\/logo-coges-events-site.png\",\"width\":350,\"height\":100,\"caption\":\"Coges Events\"},\"image\":{\"@id\":\"https:\/\/cgmjqoz.cluster031.hosting.ovh.net\/Dune\/#\/schema\/logo\/image\/\"},\"sameAs\":[\"https:\/\/www.linkedin.com\/company\/coges\/\",\"https:\/\/www.youtube.com\/@cogesevents\"]}]}<\/script>\n<!-- \/ Yoast SEO plugin. -->","yoast_head_json":{"title":"Cookies - Coges Events","robots":{"index":"index","follow":"follow","max-snippet":"max-snippet:-1","max-image-preview":"max-image-preview:large","max-video-preview":"max-video-preview:-1"},"canonical":"https:\/\/www.cogesevents.com\/en\/cookies\/","og_locale":"en_US","og_type":"article","og_title":"Cookies - Coges Events","og_description":"Cookie policy This section is intended to inform you about the use of cookies on the site when you visit its website. What are cookies and what are they used for? A cookie is a small alphanumeric text file placed on the user&#8217;s terminal by the server of the website visited or by a third-party [&hellip;]","og_url":"https:\/\/www.cogesevents.com\/en\/cookies\/","og_site_name":"Coges Events","article_modified_time":"2025-03-03T11:52:01+00:00","twitter_card":"summary_large_image","twitter_misc":{"Est. reading time":"4 minutes"},"schema":{"@context":"https:\/\/schema.org","@graph":[{"@type":"WebPage","@id":"https:\/\/www.cogesevents.com\/en\/cookies\/","url":"https:\/\/www.cogesevents.com\/en\/cookies\/","name":"Cookies - Coges Events","isPartOf":{"@id":"https:\/\/cgmjqoz.cluster031.hosting.ovh.net\/Dune\/#website"},"datePublished":"2025-03-03T11:45:33+00:00","dateModified":"2025-03-03T11:52:01+00:00","breadcrumb":{"@id":"https:\/\/www.cogesevents.com\/en\/cookies\/#breadcrumb"},"inLanguage":"en-US","potentialAction":[{"@type":"ReadAction","target":["https:\/\/www.cogesevents.com\/en\/cookies\/"]}]},{"@type":"BreadcrumbList","@id":"https:\/\/www.cogesevents.com\/en\/cookies\/#breadcrumb","itemListElement":[{"@type":"ListItem","position":1,"name":"Accueil","item":"https:\/\/www.cogesevents.com\/en\/home\/"},{"@type":"ListItem","position":2,"name":"Cookies"}]},{"@type":"WebSite","@id":"https:\/\/cgmjqoz.cluster031.hosting.ovh.net\/Dune\/#website","url":"https:\/\/cgmjqoz.cluster031.hosting.ovh.net\/Dune\/","name":"Coges Events","description":"Organisateur d&#039;\u00e9v\u00e8nements internationaux de D\u00e9fense et de S\u00e9curit\u00e9","publisher":{"@id":"https:\/\/cgmjqoz.cluster031.hosting.ovh.net\/Dune\/#organization"},"potentialAction":[{"@type":"SearchAction","target":{"@type":"EntryPoint","urlTemplate":"https:\/\/cgmjqoz.cluster031.hosting.ovh.net\/Dune\/?s={search_term_string}"},"query-input":{"@type":"PropertyValueSpecification","valueRequired":true,"valueName":"search_term_string"}}],"inLanguage":"en-US"},{"@type":"Organization","@id":"https:\/\/cgmjqoz.cluster031.hosting.ovh.net\/Dune\/#organization","name":"Coges Events","url":"https:\/\/cgmjqoz.cluster031.hosting.ovh.net\/Dune\/","logo":{"@type":"ImageObject","inLanguage":"en-US","@id":"https:\/\/cgmjqoz.cluster031.hosting.ovh.net\/Dune\/#\/schema\/logo\/image\/","url":"https:\/\/www.cogesevents.com\/wp-content\/uploads\/2025\/02\/logo-coges-events-site.png","contentUrl":"https:\/\/www.cogesevents.com\/wp-content\/uploads\/2025\/02\/logo-coges-events-site.png","width":350,"height":100,"caption":"Coges Events"},"image":{"@id":"https:\/\/cgmjqoz.cluster031.hosting.ovh.net\/Dune\/#\/schema\/logo\/image\/"},"sameAs":["https:\/\/www.linkedin.com\/company\/coges\/","https:\/\/www.youtube.com\/@cogesevents"]}]}},"publishpress_future_action":{"enabled":false,"date":"2026-05-14 19:12:06","action":"change-status","newStatus":"draft","terms":[],"taxonomy":"translation_priority","extraData":[]},"publishpress_future_workflow_manual_trigger":{"enabledWorkflows":[]},"_links":{"self":[{"href":"https:\/\/www.cogesevents.com\/en\/wp-json\/wp\/v2\/pages\/46106","targetHints":{"allow":["GET"]}}],"collection":[{"href":"https:\/\/www.cogesevents.com\/en\/wp-json\/wp\/v2\/pages"}],"about":[{"href":"https:\/\/www.cogesevents.com\/en\/wp-json\/wp\/v2\/types\/page"}],"author":[{"embeddable":true,"href":"https:\/\/www.cogesevents.com\/en\/wp-json\/wp\/v2\/users\/1"}],"replies":[{"embeddable":true,"href":"https:\/\/www.cogesevents.com\/en\/wp-json\/wp\/v2\/comments?post=46106"}],"version-history":[{"count":1,"href":"https:\/\/www.cogesevents.com\/en\/wp-json\/wp\/v2\/pages\/46106\/revisions"}],"predecessor-version":[{"id":46107,"href":"https:\/\/www.cogesevents.com\/en\/wp-json\/wp\/v2\/pages\/46106\/revisions\/46107"}],"wp:attachment":[{"href":"https:\/\/www.cogesevents.com\/en\/wp-json\/wp\/v2\/media?parent=46106"}],"curies":[{"name":"wp","href":"https:\/\/api.w.org\/{rel}","templated":true}]}}